{"id":184,"date":"2021-09-24T03:54:48","date_gmt":"2021-09-24T03:54:48","guid":{"rendered":"https:\/\/demo.casethemes.net\/itfirm\/?page_id=184"},"modified":"2025-04-22T11:54:20","modified_gmt":"2025-04-22T08:54:20","slug":"blog","status":"publish","type":"page","link":"https:\/\/renkahsapmobilya.com.tr\/index.php\/blog\/","title":{"rendered":"Blog"},"content":{"rendered":"\t\t<div data-elementor-type=\"wp-page\" data-elementor-id=\"184\" class=\"elementor elementor-184\">\n\t\t\t\t\t\t\t        <section class=\"elementor-section elementor-top-section elementor-element elementor-element-66245d5 elementor-section-boxed elementor-section-height-default elementor-section-height-default ct-header-fixed-none ct-column-none ct-row-scroll-none ct-row-gradient--none\" data-id=\"66245d5\" data-element_type=\"section\">\n            \n                        <div class=\"elementor-container elementor-column-gap-extended \">\n                    <div class=\"elementor-column elementor-col-100 elementor-top-column elementor-element elementor-element-fc5c4bc ct-column-none col-offset-none col-color-offset-none\" data-id=\"fc5c4bc\" data-element_type=\"column\">\n            <div class=\"elementor-widget-wrap elementor-element-populated\">\n                        \t\t<div class=\"elementor-element elementor-element-03a2086 elementor-widget elementor-widget-ct_blog_grid\" data-id=\"03a2086\" data-element_type=\"widget\" data-widget_type=\"ct_blog_grid.default\">\n\t\t\t\t<div class=\"elementor-widget-container\">\n\t\t\t\r\n<div id=\"ct_blog_grid-03a2086\" class=\"ct-grid ct-blog-grid ct-blog-grid-layout1\" data-layout=\"masonry\" data-start-page=\"1\" data-max-pages=\"1\" data-total=\"6\" data-perpage=\"6\" data-next-link=\"\">\r\n    <div class=\"ct-grid-overlay\"><\/div>\r\n    \r\n    <div class=\"ct-grid-inner ct-grid-masonry row animate-time\" data-gutter=\"15\">\r\n                            <div class=\"grid-item col-xl-4 col-lg-4 col-md-6 col-sm-6 col-12 renk-ahsap\">\r\n                        <div class=\"grid-item-inner \" data-wow-duration=\"1.2s\">\r\n                            <div class=\"item--featured\">\r\n                                <a href=\"https:\/\/renkahsapmobilya.com.tr\/index.php\/2021\/07\/24\/mobilyada-kalitenin-onemi-ve-renk-ahsap-farki\/\"><img fetchpriority=\"high\" decoding=\"async\" class=\"no-lazyload \" src=\"https:\/\/renkahsapmobilya.com.tr\/wp-content\/uploads\/2021\/07\/h2-blog1-600x413.jpg\" width=\"600\" height=\"413\" alt=\"h2-blog1\" title=\"h2-blog1\" \/><\/a>\r\n                            <\/div>\r\n                            <div class=\"item--holder item--main\">\r\n                                                                    <ul class=\"item--meta\">\r\n                                                                                    <li class=\"item-date\"><i class=\"caseicon-calendar\"><\/i>24 Temmuz 2021<\/li>\r\n                                                                                                                            <li class=\"item-author\">\r\n                                                <i class=\"caseicon-user\"><\/i><a href=\"https:\/\/renkahsapmobilya.com.tr\/index.php\/author\/fyolal\/\">fyolal<\/a>\r\n                                            <\/li>\r\n                                                                            <\/ul>\r\n                                                                <h3 class=\"item--title\"><a href=\"https:\/\/renkahsapmobilya.com.tr\/index.php\/2021\/07\/24\/mobilyada-kalitenin-onemi-ve-renk-ahsap-farki\/\">Mobilyada Kalitenin \u00d6nemi ve Renk Ah\u015fap Fark\u0131<\/a><\/h3>\r\n                            <\/div>\r\n                            <div class=\"item--holder item--hover\">\r\n                                <h3 class=\"item--title\"><a href=\"https:\/\/renkahsapmobilya.com.tr\/index.php\/2021\/07\/24\/mobilyada-kalitenin-onemi-ve-renk-ahsap-farki\/\">Mobilyada Kalitenin \u00d6nemi ve Renk Ah\u015fap Fark\u0131<\/a><\/h3>\r\n                                                                    <div class=\"item--content\">\r\n                                        With over a decade experience, we\u2019ve established ourselves&hellip;                                    <\/div>\r\n                                                                                                    <div class=\"item--readmore\">\r\n                                        <a class=\"btn btn-primary\" href=\"https:\/\/renkahsapmobilya.com.tr\/index.php\/2021\/07\/24\/mobilyada-kalitenin-onemi-ve-renk-ahsap-farki\/\">\r\n                                            <span>Read more<\/span>\r\n                                            <i class=\"caseicon-angle-arrow-right\"><\/i>\r\n                                        <\/a>\r\n                                    <\/div>\r\n                                                            <\/div>\r\n                        <\/div>\r\n                    <\/div>\r\n                                    <div class=\"grid-item col-xl-4 col-lg-4 col-md-6 col-sm-6 col-12 renk-ahsap\">\r\n                        <div class=\"grid-item-inner \" data-wow-duration=\"1.2s\">\r\n                            <div class=\"item--featured\">\r\n                                <a href=\"https:\/\/renkahsapmobilya.com.tr\/index.php\/2021\/07\/24\/ozel-tasarim-mobilya-hayallerinizdeki-mekanlari-yaratin\/\"><img decoding=\"async\" class=\"no-lazyload \" src=\"https:\/\/renkahsapmobilya.com.tr\/wp-content\/uploads\/2021\/07\/h2-blog2-600x413.jpg\" width=\"600\" height=\"413\" alt=\"h2-blog2\" title=\"h2-blog2\" \/><\/a>\r\n                            <\/div>\r\n                            <div class=\"item--holder item--main\">\r\n                                                                    <ul class=\"item--meta\">\r\n                                                                                    <li class=\"item-date\"><i class=\"caseicon-calendar\"><\/i>24 Temmuz 2021<\/li>\r\n                                                                                                                            <li class=\"item-author\">\r\n                                                <i class=\"caseicon-user\"><\/i><a href=\"https:\/\/renkahsapmobilya.com.tr\/index.php\/author\/myolal\/\">myolal<\/a>\r\n                                            <\/li>\r\n                                                                            <\/ul>\r\n                                                                <h3 class=\"item--title\"><a href=\"https:\/\/renkahsapmobilya.com.tr\/index.php\/2021\/07\/24\/ozel-tasarim-mobilya-hayallerinizdeki-mekanlari-yaratin\/\">\u00d6zel Tasar\u0131m Mobilya: Hayallerinizdeki Mekanlar\u0131 Yarat\u0131n<\/a><\/h3>\r\n                            <\/div>\r\n                            <div class=\"item--holder item--hover\">\r\n                                <h3 class=\"item--title\"><a href=\"https:\/\/renkahsapmobilya.com.tr\/index.php\/2021\/07\/24\/ozel-tasarim-mobilya-hayallerinizdeki-mekanlari-yaratin\/\">\u00d6zel Tasar\u0131m Mobilya: Hayallerinizdeki Mekanlar\u0131 Yarat\u0131n<\/a><\/h3>\r\n                                                                    <div class=\"item--content\">\r\n                                        With over a decade experience, we\u2019ve established ourselves&hellip;                                    <\/div>\r\n                                                                                                    <div class=\"item--readmore\">\r\n                                        <a class=\"btn btn-primary\" href=\"https:\/\/renkahsapmobilya.com.tr\/index.php\/2021\/07\/24\/ozel-tasarim-mobilya-hayallerinizdeki-mekanlari-yaratin\/\">\r\n                                            <span>Read more<\/span>\r\n                                            <i class=\"caseicon-angle-arrow-right\"><\/i>\r\n                                        <\/a>\r\n                                    <\/div>\r\n                                                            <\/div>\r\n                        <\/div>\r\n                    <\/div>\r\n                                    <div class=\"grid-item col-xl-4 col-lg-4 col-md-6 col-sm-6 col-12 renk-ahsap\">\r\n                        <div class=\"grid-item-inner \" data-wow-duration=\"1.2s\">\r\n                            <div class=\"item--featured\">\r\n                                <a href=\"https:\/\/renkahsapmobilya.com.tr\/index.php\/2021\/07\/24\/bir-mobilyanin-yolculugu-tasarimdan-montaja-renk-ahsap-sureci\/\"><img decoding=\"async\" class=\"no-lazyload \" src=\"https:\/\/renkahsapmobilya.com.tr\/wp-content\/uploads\/2021\/07\/h2-blog3-600x413.jpg\" width=\"600\" height=\"413\" alt=\"h2-blog3\" title=\"h2-blog3\" \/><\/a>\r\n                            <\/div>\r\n                            <div class=\"item--holder item--main\">\r\n                                                                    <ul class=\"item--meta\">\r\n                                                                                    <li class=\"item-date\"><i class=\"caseicon-calendar\"><\/i>24 Temmuz 2021<\/li>\r\n                                                                                                                            <li class=\"item-author\">\r\n                                                <i class=\"caseicon-user\"><\/i><a href=\"https:\/\/renkahsapmobilya.com.tr\/index.php\/author\/myolal\/\">myolal<\/a>\r\n                                            <\/li>\r\n                                                                            <\/ul>\r\n                                                                <h3 class=\"item--title\"><a href=\"https:\/\/renkahsapmobilya.com.tr\/index.php\/2021\/07\/24\/bir-mobilyanin-yolculugu-tasarimdan-montaja-renk-ahsap-sureci\/\">Bir Mobilyan\u0131n Yolculu\u011fu: Tasar\u0131mdan Montaja Renk Ah\u015fap S\u00fcreci<\/a><\/h3>\r\n                            <\/div>\r\n                            <div class=\"item--holder item--hover\">\r\n                                <h3 class=\"item--title\"><a href=\"https:\/\/renkahsapmobilya.com.tr\/index.php\/2021\/07\/24\/bir-mobilyanin-yolculugu-tasarimdan-montaja-renk-ahsap-sureci\/\">Bir Mobilyan\u0131n Yolculu\u011fu: Tasar\u0131mdan Montaja Renk Ah\u015fap S\u00fcreci<\/a><\/h3>\r\n                                                                    <div class=\"item--content\">\r\n                                        With over a decade experience, we\u2019ve established ourselves&hellip;                                    <\/div>\r\n                                                                                                    <div class=\"item--readmore\">\r\n                                        <a class=\"btn btn-primary\" href=\"https:\/\/renkahsapmobilya.com.tr\/index.php\/2021\/07\/24\/bir-mobilyanin-yolculugu-tasarimdan-montaja-renk-ahsap-sureci\/\">\r\n                                            <span>Read more<\/span>\r\n                                            <i class=\"caseicon-angle-arrow-right\"><\/i>\r\n                                        <\/a>\r\n                                    <\/div>\r\n                                                            <\/div>\r\n                        <\/div>\r\n                    <\/div>\r\n                                    <div class=\"grid-item col-xl-4 col-lg-4 col-md-6 col-sm-6 col-12 renk-ahsap\">\r\n                        <div class=\"grid-item-inner \" data-wow-duration=\"1.2s\">\r\n                            <div class=\"item--featured\">\r\n                                <a href=\"https:\/\/renkahsapmobilya.com.tr\/index.php\/2021\/07\/24\/fonksiyonellik-ve-estetik-bir-arada-ozel-tasarim-mutfak-dolaplari\/\"><img loading=\"lazy\" decoding=\"async\" class=\"no-lazyload \" src=\"https:\/\/renkahsapmobilya.com.tr\/wp-content\/uploads\/2021\/09\/theme3-600x413.jpg\" width=\"600\" height=\"413\" alt=\"theme3\" title=\"theme3\" \/><\/a>\r\n                            <\/div>\r\n                            <div class=\"item--holder item--main\">\r\n                                                                    <ul class=\"item--meta\">\r\n                                                                                    <li class=\"item-date\"><i class=\"caseicon-calendar\"><\/i>24 Temmuz 2021<\/li>\r\n                                                                                                                            <li class=\"item-author\">\r\n                                                <i class=\"caseicon-user\"><\/i><a href=\"https:\/\/renkahsapmobilya.com.tr\/index.php\/author\/myolal\/\">myolal<\/a>\r\n                                            <\/li>\r\n                                                                            <\/ul>\r\n                                                                <h3 class=\"item--title\"><a href=\"https:\/\/renkahsapmobilya.com.tr\/index.php\/2021\/07\/24\/fonksiyonellik-ve-estetik-bir-arada-ozel-tasarim-mutfak-dolaplari\/\">Fonksiyonellik ve Estetik Bir Arada: \u00d6zel Tasar\u0131m Mutfak Dolaplar\u0131<\/a><\/h3>\r\n                            <\/div>\r\n                            <div class=\"item--holder item--hover\">\r\n                                <h3 class=\"item--title\"><a href=\"https:\/\/renkahsapmobilya.com.tr\/index.php\/2021\/07\/24\/fonksiyonellik-ve-estetik-bir-arada-ozel-tasarim-mutfak-dolaplari\/\">Fonksiyonellik ve Estetik Bir Arada: \u00d6zel Tasar\u0131m Mutfak Dolaplar\u0131<\/a><\/h3>\r\n                                                                    <div class=\"item--content\">\r\n                                        With over a decade experience, we\u2019ve established ourselves&hellip;                                    <\/div>\r\n                                                                                                    <div class=\"item--readmore\">\r\n                                        <a class=\"btn btn-primary\" href=\"https:\/\/renkahsapmobilya.com.tr\/index.php\/2021\/07\/24\/fonksiyonellik-ve-estetik-bir-arada-ozel-tasarim-mutfak-dolaplari\/\">\r\n                                            <span>Read more<\/span>\r\n                                            <i class=\"caseicon-angle-arrow-right\"><\/i>\r\n                                        <\/a>\r\n                                    <\/div>\r\n                                                            <\/div>\r\n                        <\/div>\r\n                    <\/div>\r\n                                    <div class=\"grid-item col-xl-4 col-lg-4 col-md-6 col-sm-6 col-12 renk-ahsap\">\r\n                        <div class=\"grid-item-inner \" data-wow-duration=\"1.2s\">\r\n                            <div class=\"item--featured\">\r\n                                <a href=\"https:\/\/renkahsapmobilya.com.tr\/index.php\/2021\/06\/24\/ic-mekanlarda-ahsabin-sicakligi-ve-dekorasyondaki-yeri\/\"><img loading=\"lazy\" decoding=\"async\" class=\"no-lazyload \" src=\"https:\/\/renkahsapmobilya.com.tr\/wp-content\/uploads\/2021\/09\/theme2-600x413.jpg\" width=\"600\" height=\"413\" alt=\"theme2\" title=\"theme2\" \/><\/a>\r\n                            <\/div>\r\n                            <div class=\"item--holder item--main\">\r\n                                                                    <ul class=\"item--meta\">\r\n                                                                                    <li class=\"item-date\"><i class=\"caseicon-calendar\"><\/i>24 Haziran 2021<\/li>\r\n                                                                                                                            <li class=\"item-author\">\r\n                                                <i class=\"caseicon-user\"><\/i><a href=\"https:\/\/renkahsapmobilya.com.tr\/index.php\/author\/myolal\/\">myolal<\/a>\r\n                                            <\/li>\r\n                                                                            <\/ul>\r\n                                                                <h3 class=\"item--title\"><a href=\"https:\/\/renkahsapmobilya.com.tr\/index.php\/2021\/06\/24\/ic-mekanlarda-ahsabin-sicakligi-ve-dekorasyondaki-yeri\/\">\u0130\u00e7 Mekanlarda Ah\u015fab\u0131n S\u0131cakl\u0131\u011f\u0131 ve Dekorasyondaki Yeri<\/a><\/h3>\r\n                            <\/div>\r\n                            <div class=\"item--holder item--hover\">\r\n                                <h3 class=\"item--title\"><a href=\"https:\/\/renkahsapmobilya.com.tr\/index.php\/2021\/06\/24\/ic-mekanlarda-ahsabin-sicakligi-ve-dekorasyondaki-yeri\/\">\u0130\u00e7 Mekanlarda Ah\u015fab\u0131n S\u0131cakl\u0131\u011f\u0131 ve Dekorasyondaki Yeri<\/a><\/h3>\r\n                                                                    <div class=\"item--content\">\r\n                                        With over a decade experience, we\u2019ve established ourselves&hellip;                                    <\/div>\r\n                                                                                                    <div class=\"item--readmore\">\r\n                                        <a class=\"btn btn-primary\" href=\"https:\/\/renkahsapmobilya.com.tr\/index.php\/2021\/06\/24\/ic-mekanlarda-ahsabin-sicakligi-ve-dekorasyondaki-yeri\/\">\r\n                                            <span>Read more<\/span>\r\n                                            <i class=\"caseicon-angle-arrow-right\"><\/i>\r\n                                        <\/a>\r\n                                    <\/div>\r\n                                                            <\/div>\r\n                        <\/div>\r\n                    <\/div>\r\n                                    <div class=\"grid-item col-xl-4 col-lg-4 col-md-6 col-sm-6 col-12 renk-ahsap\">\r\n                        <div class=\"grid-item-inner \" data-wow-duration=\"1.2s\">\r\n                            <div class=\"item--featured\">\r\n                                <a href=\"https:\/\/renkahsapmobilya.com.tr\/index.php\/2021\/06\/24\/mobilyaniz-icin-dogru-ahsap-turunu-secmek\/\"><img loading=\"lazy\" decoding=\"async\" class=\"no-lazyload \" src=\"https:\/\/renkahsapmobilya.com.tr\/wp-content\/uploads\/2021\/09\/theme1-600x413.jpg\" width=\"600\" height=\"413\" alt=\"theme1\" title=\"theme1\" \/><\/a>\r\n                            <\/div>\r\n                            <div class=\"item--holder item--main\">\r\n                                                                    <ul class=\"item--meta\">\r\n                                                                                    <li class=\"item-date\"><i class=\"caseicon-calendar\"><\/i>24 Haziran 2021<\/li>\r\n                                                                                                                            <li class=\"item-author\">\r\n                                                <i class=\"caseicon-user\"><\/i><a href=\"https:\/\/renkahsapmobilya.com.tr\/index.php\/author\/myolal\/\">myolal<\/a>\r\n                                            <\/li>\r\n                                                                            <\/ul>\r\n                                                                <h3 class=\"item--title\"><a href=\"https:\/\/renkahsapmobilya.com.tr\/index.php\/2021\/06\/24\/mobilyaniz-icin-dogru-ahsap-turunu-secmek\/\">Mobilyan\u0131z \u0130\u00e7in Do\u011fru Ah\u015fap T\u00fcr\u00fcn\u00fc Se\u00e7mek<\/a><\/h3>\r\n                            <\/div>\r\n                            <div class=\"item--holder item--hover\">\r\n                                <h3 class=\"item--title\"><a href=\"https:\/\/renkahsapmobilya.com.tr\/index.php\/2021\/06\/24\/mobilyaniz-icin-dogru-ahsap-turunu-secmek\/\">Mobilyan\u0131z \u0130\u00e7in Do\u011fru Ah\u015fap T\u00fcr\u00fcn\u00fc Se\u00e7mek<\/a><\/h3>\r\n                                                                    <div class=\"item--content\">\r\n                                        With over a decade experience, we\u2019ve established ourselves&hellip;                                    <\/div>\r\n                                                                                                    <div class=\"item--readmore\">\r\n                                        <a class=\"btn btn-primary\" href=\"https:\/\/renkahsapmobilya.com.tr\/index.php\/2021\/06\/24\/mobilyaniz-icin-dogru-ahsap-turunu-secmek\/\">\r\n                                            <span>Read more<\/span>\r\n                                            <i class=\"caseicon-angle-arrow-right\"><\/i>\r\n                                        <\/a>\r\n                                    <\/div>\r\n                                                            <\/div>\r\n                        <\/div>\r\n                    <\/div>\r\n                                    <div class=\"grid-sizer col-xl-4 col-lg-4 col-md-6 col-sm-6 col-12\"><\/div>\r\n            <\/div>\r\n            <div class=\"ct-grid-pagination\" data-loadmore=\"{&quot;startPage&quot;:1,&quot;maxPages&quot;:1,&quot;total&quot;:6,&quot;perpage&quot;:&quot;6&quot;,&quot;nextLink&quot;:&quot;&quot;,&quot;source&quot;:&quot;&quot;,&quot;orderby&quot;:&quot;date&quot;,&quot;order&quot;:&quot;desc&quot;,&quot;limit&quot;:&quot;6&quot;,&quot;post_ids&quot;:&quot;&quot;,&quot;col_xl&quot;:4,&quot;col_lg&quot;:4,&quot;col_md&quot;:6,&quot;col_sm&quot;:6,&quot;col_xs&quot;:12,&quot;pagination_type&quot;:&quot;pagination&quot;,&quot;show_author&quot;:&quot;true&quot;,&quot;show_date&quot;:&quot;true&quot;,&quot;show_button&quot;:&quot;true&quot;,&quot;button_text&quot;:&quot;&quot;,&quot;show_excerpt&quot;:&quot;true&quot;,&quot;num_words&quot;:8,&quot;img_size&quot;:&quot;&quot;,&quot;grid_masonry&quot;:&quot;&quot;,&quot;ct_animate&quot;:&quot;&quot;,&quot;template_type&quot;:&quot;post_grid_layout1&quot;,&quot;tax&quot;:[&quot;category&quot;]}\" data-query=\"{&quot;post_type&quot;:&quot;post&quot;,&quot;posts_per_page&quot;:6,&quot;order&quot;:&quot;desc&quot;,&quot;orderby&quot;:&quot;date&quot;,&quot;tax_query&quot;:{&quot;relation&quot;:&quot;OR&quot;},&quot;post__not_in&quot;:[184]}\">\r\n                    <\/div>\r\n        <\/div>\t\t<\/div>\n\t\t\t\t<\/div>\n\t\t            <\/div>\n        <\/div>\n                            <\/div>\n        <\/section>\n        \t\t\t\t\t<\/div>\n\t\t","protected":false},"excerpt":{"rendered":"<p>September 24, 2021 Admin Regional Manager &#038; limited time management. With over a decade experience, we\u2019ve established ourselves&hellip; Read more September 24, 2021 Admin Revitalising your people in to a retail downturn. With over a decade experience, we\u2019ve established ourselves&hellip; Read more August 24, 2021 Admin Organisational teams of the are just like families With [&hellip;]<\/p>\n","protected":false},"author":1,"featured_media":0,"parent":0,"menu_order":0,"comment_status":"closed","ping_status":"closed","template":"","meta":{"ngg_post_thumbnail":0,"two_page_speed":[],"footnotes":""},"class_list":["post-184","page","type-page","status-publish","hentry"],"_links":{"self":[{"href":"https:\/\/renkahsapmobilya.com.tr\/index.php\/wp-json\/wp\/v2\/pages\/184","targetHints":{"allow":["GET"]}}],"collection":[{"href":"https:\/\/renkahsapmobilya.com.tr\/index.php\/wp-json\/wp\/v2\/pages"}],"about":[{"href":"https:\/\/renkahsapmobilya.com.tr\/index.php\/wp-json\/wp\/v2\/types\/page"}],"author":[{"embeddable":true,"href":"https:\/\/renkahsapmobilya.com.tr\/index.php\/wp-json\/wp\/v2\/users\/1"}],"replies":[{"embeddable":true,"href":"https:\/\/renkahsapmobilya.com.tr\/index.php\/wp-json\/wp\/v2\/comments?post=184"}],"version-history":[{"count":1,"href":"https:\/\/renkahsapmobilya.com.tr\/index.php\/wp-json\/wp\/v2\/pages\/184\/revisions"}],"predecessor-version":[{"id":10089,"href":"https:\/\/renkahsapmobilya.com.tr\/index.php\/wp-json\/wp\/v2\/pages\/184\/revisions\/10089"}],"wp:attachment":[{"href":"https:\/\/renkahsapmobilya.com.tr\/index.php\/wp-json\/wp\/v2\/media?parent=184"}],"curies":[{"name":"wp","href":"https:\/\/api.w.org\/{rel}","templated":true}]}}